{"id":17,"date":"2019-01-15T13:30:35","date_gmt":"2019-01-15T13:30:35","guid":{"rendered":"http:\/\/studienstiftung-iusvivum.de\/?page_id=17"},"modified":"2019-09-30T10:00:17","modified_gmt":"2019-09-30T10:00:17","slug":"foerderung","status":"publish","type":"page","link":"http:\/\/studienstiftung-iusvivum.de\/?page_id=17","title":{"rendered":"F\u00f6rderung"},"content":{"rendered":"\n<p>Die Auswahl und F\u00f6rderung der Beg\u00fcnstigten erfolgt rasch und unb\u00fcrokratisch durch den Vorstand. Die Studienstiftung ius vivum verwirklicht ihre Ziele insbesondere durch:<\/p>\n\n\n\n<ul class=\"wp-block-list\"><li>Beihilfen zur Teilnahme an Seminaren und wissenschaftlichen Exkursionen<\/li><li>Promotions- und Auslandsstipendien<\/li><li>Gew\u00e4hrung von Druckkostenzusch\u00fcssen f\u00fcr wissenschaftliche Arbeiten<\/li><li>Verleihung von Geldpreisen f\u00fcr hervorragende wissenschaftliche Leistungen<\/li><li>Vergabe von Fachb\u00fcchern zur Unterst\u00fctzung wissenschaftlicher Arbeiten<\/li><\/ul>\n\n\n\n<h2 class=\"wp-block-heading\"><strong>F\u00f6rderungsbeispiele<\/strong><\/h2>\n\n\n\n<ul class=\"wp-block-list\"><li>Druckkostenzusch\u00fcsse (<a href=\"http:\/\/studienstiftung-iusvivum.de\/?page_id=70\">gef\u00f6rderte Dissertationen<\/a>)<\/li><li>Druckkostenzusch\u00fcsse (<a href=\"http:\/\/studienstiftung-iusvivum.de\/?page_id=91\">gef\u00f6rderte Habilitationsschriften<\/a>)<\/li><li>Stipendien (<a href=\"http:\/\/studienstiftung-iusvivum.de\/?page_id=97\">Stipendiaten<\/a>)<\/li><li>Andere Projekte (<a href=\"http:\/\/studienstiftung-iusvivum.de\/?page_id=99\">Beispiele<\/a>)<\/li><\/ul>\n","protected":false},"excerpt":{"rendered":"<p>Die Auswahl und F\u00f6rderung der Beg\u00fcnstigten erfolgt rasch und unb\u00fcrokratisch durch den Vorstand. Die Studienstiftung ius vivum verwirklicht ihre Ziele insbesondere durch: Beihilfen zur Teilnahme an Seminaren und wissenschaftlichen Exkursionen Promotions- und Auslandsstipendien Gew\u00e4hrung von Druckkostenzusch\u00fcssen f\u00fcr wissenschaftliche Arbeiten Verleihung von Geldpreisen f\u00fcr hervorragende wissenschaftliche Leistungen Vergabe von Fachb\u00fcchern zur Unterst\u00fctzung wissenschaftlicher Arbeiten F\u00f6rderungsbeispiele Druckkostenzusch\u00fcsse &hellip; <a href=\"http:\/\/studienstiftung-iusvivum.de\/?page_id=17\" class=\"more-link\"><span class=\"screen-reader-text\">F\u00f6rderung<\/span> weiterlesen<\/a><\/p>\n","protected":false},"author":1,"featured_media":186,"parent":0,"menu_order":3,"comment_status":"closed","ping_status":"closed","template":"","meta":{"footnotes":""},"class_list":["post-17","page","type-page","status-publish","has-post-thumbnail","hentry"],"_links":{"self":[{"href":"http:\/\/studienstiftung-iusvivum.de\/index.php?rest_route=\/wp\/v2\/pages\/17","targetHints":{"allow":["GET"]}}],"collection":[{"href":"http:\/\/studienstiftung-iusvivum.de\/index.php?rest_route=\/wp\/v2\/pages"}],"about":[{"href":"http:\/\/studienstiftung-iusvivum.de\/index.php?rest_route=\/wp\/v2\/types\/page"}],"author":[{"embeddable":true,"href":"http:\/\/studienstiftung-iusvivum.de\/index.php?rest_route=\/wp\/v2\/users\/1"}],"replies":[{"embeddable":true,"href":"http:\/\/studienstiftung-iusvivum.de\/index.php?rest_route=%2Fwp%2Fv2%2Fcomments&post=17"}],"version-history":[{"count":5,"href":"http:\/\/studienstiftung-iusvivum.de\/index.php?rest_route=\/wp\/v2\/pages\/17\/revisions"}],"predecessor-version":[{"id":123,"href":"http:\/\/studienstiftung-iusvivum.de\/index.php?rest_route=\/wp\/v2\/pages\/17\/revisions\/123"}],"wp:featuredmedia":[{"embeddable":true,"href":"http:\/\/studienstiftung-iusvivum.de\/index.php?rest_route=\/wp\/v2\/media\/186"}],"wp:attachment":[{"href":"http:\/\/studienstiftung-iusvivum.de\/index.php?rest_route=%2Fwp%2Fv2%2Fmedia&parent=17"}],"curies":[{"name":"wp","href":"https:\/\/api.w.org\/{rel}","templated":true}]}}