{"id":2,"date":"2016-05-10T03:48:21","date_gmt":"2016-05-10T03:48:21","guid":{"rendered":"http:\/\/studienstiftung-iusvivum.de\/?page_id=2"},"modified":"2019-01-17T13:58:37","modified_gmt":"2019-01-17T13:58:37","slug":"sample-page","status":"publish","type":"page","link":"http:\/\/studienstiftung-iusvivum.de\/?page_id=2","title":{"rendered":"Ziele"},"content":{"rendered":"\n<p>Eine lebendige Rechtswissenschaft &#8211; darum ging und geht es Prof. Dr.  Haimo Schack,  als er Anfang 1991 die Studienstiftung ius vivum gr\u00fcndete. In Zeiten  immer st\u00e4rkeren Drucks auf junge Juristen durch Studienzeitverk\u00fcrzung  und  zunehmende Spezialisierung m\u00fcssen ideelle durch materielle Anreize  erg\u00e4nzt werden, um Freude an vertiefter wissenschaftlicher Arbeit zu  wecken.  <br><br>Zweck der gemeinn\u00fctzigen Studienstiftung ius vivum ist die F\u00f6rderung  der Wissenschaft auf den  Gebieten des B\u00fcrgerlichen Rechts, des Internationalen Privat- und  Zivilprozessrechts, der Rechtsvergleichung, des Urheberrechts und des  Wirtschaftsrechts.  <br><br>Die Studienstiftung ius vivum will eine breiter angelegte Bildung weltoffener,  verantwortungsbewusster Juristen f\u00f6rdern. Besonders begabte Studenten,  Doktoranden und Nachwuchswissenschaftler sollen  zu hervorragenden Leistungen  in ihrem Fachgebiet angespornt werden und  fr\u00fchzeitig lernen, \u00fcber die  Grenzen ihrer Disziplin hinauszublicken.<br><br><br>Die Stiftung verfolgt ausschlie\u00dflich und unmittelbar gemeinn\u00fctzige  Zwecke i.S.d. \u00a7\u00a7 51 ff. Abgabenordnung.<\/p>\n","protected":false},"excerpt":{"rendered":"<p>Eine lebendige Rechtswissenschaft &#8211; darum ging und geht es Prof. Dr. Haimo Schack, als er Anfang 1991 die Studienstiftung ius vivum gr\u00fcndete. In Zeiten immer st\u00e4rkeren Drucks auf junge Juristen durch Studienzeitverk\u00fcrzung und zunehmende Spezialisierung m\u00fcssen ideelle durch materielle Anreize erg\u00e4nzt werden, um Freude an vertiefter wissenschaftlicher Arbeit zu wecken. Zweck der gemeinn\u00fctzigen Studienstiftung ius &hellip; <a href=\"http:\/\/studienstiftung-iusvivum.de\/?page_id=2\" class=\"more-link\"><span class=\"screen-reader-text\">Ziele<\/span> weiterlesen<\/a><\/p>\n","protected":false},"author":1,"featured_media":152,"parent":0,"menu_order":2,"comment_status":"closed","ping_status":"open","template":"","meta":{"footnotes":""},"class_list":["post-2","page","type-page","status-publish","has-post-thumbnail","hentry"],"_links":{"self":[{"href":"http:\/\/studienstiftung-iusvivum.de\/index.php?rest_route=\/wp\/v2\/pages\/2","targetHints":{"allow":["GET"]}}],"collection":[{"href":"http:\/\/studienstiftung-iusvivum.de\/index.php?rest_route=\/wp\/v2\/pages"}],"about":[{"href":"http:\/\/studienstiftung-iusvivum.de\/index.php?rest_route=\/wp\/v2\/types\/page"}],"author":[{"embeddable":true,"href":"http:\/\/studienstiftung-iusvivum.de\/index.php?rest_route=\/wp\/v2\/users\/1"}],"replies":[{"embeddable":true,"href":"http:\/\/studienstiftung-iusvivum.de\/index.php?rest_route=%2Fwp%2Fv2%2Fcomments&post=2"}],"version-history":[{"count":4,"href":"http:\/\/studienstiftung-iusvivum.de\/index.php?rest_route=\/wp\/v2\/pages\/2\/revisions"}],"predecessor-version":[{"id":138,"href":"http:\/\/studienstiftung-iusvivum.de\/index.php?rest_route=\/wp\/v2\/pages\/2\/revisions\/138"}],"wp:featuredmedia":[{"embeddable":true,"href":"http:\/\/studienstiftung-iusvivum.de\/index.php?rest_route=\/wp\/v2\/media\/152"}],"wp:attachment":[{"href":"http:\/\/studienstiftung-iusvivum.de\/index.php?rest_route=%2Fwp%2Fv2%2Fmedia&parent=2"}],"curies":[{"name":"wp","href":"https:\/\/api.w.org\/{rel}","templated":true}]}}