{"id":53,"date":"2019-01-15T14:42:20","date_gmt":"2019-01-15T14:42:20","guid":{"rendered":"http:\/\/studienstiftung-iusvivum.de\/?page_id=53"},"modified":"2024-12-19T06:43:19","modified_gmt":"2024-12-19T06:43:19","slug":"hinweise-fuer-antragstellerinnen-und-antragssteller","status":"publish","type":"page","link":"http:\/\/studienstiftung-iusvivum.de\/?page_id=53","title":{"rendered":"Hinweis f\u00fcr Bewerbungen"},"content":{"rendered":"\n<p>Bewerbungen formlos per E-mail (<a href=\"mailto:bewerbungen@studienstiftung-iusvivum.de\">bewerbungen@studienstiftung-iusvivum.de<\/a>) mit den \u00fcblichen Unterlagen, wie Lebenslauf, Angaben zum F\u00f6rderungsprojekt und zur F\u00f6rderungsbed\u00fcrftigkeit;<br>bei Antr\u00e4gen auf Druckkostenzuschuss zus\u00e4tzlich die beiden Voten und zumindest die Gliederung und Zusammenfassung der Arbeit sowie Angaben zur H\u00f6he des vom Verlag verlangten Druckkostenzuschusses.<\/p>\n\n\n\n<p>Gef\u00f6rdert werden k\u00f6nnen im Rahmen der zur Verf\u00fcgung stehenden Mittel nur solche Projekte, die vom Stiftungszweck gedeckt sind (B\u00fcrgerliches Recht iwS, siehe unter Ziele). Nicht gew\u00e4hrt werden Vollstipendien zum allgemeinen Lebensunterhalt von Studenten und Doktoranden. <\/p>\n","protected":false},"excerpt":{"rendered":"<p>Bewerbungen formlos per E-mail (bewerbungen@studienstiftung-iusvivum.de) mit den \u00fcblichen Unterlagen, wie Lebenslauf, Angaben zum F\u00f6rderungsprojekt und zur F\u00f6rderungsbed\u00fcrftigkeit;bei Antr\u00e4gen auf Druckkostenzuschuss zus\u00e4tzlich die beiden Voten und zumindest die Gliederung und Zusammenfassung der Arbeit sowie Angaben zur H\u00f6he des vom Verlag verlangten Druckkostenzuschusses. Gef\u00f6rdert werden k\u00f6nnen im Rahmen der zur Verf\u00fcgung stehenden Mittel nur solche Projekte, die &hellip; <a href=\"http:\/\/studienstiftung-iusvivum.de\/?page_id=53\" class=\"more-link\"><span class=\"screen-reader-text\">Hinweis f\u00fcr Bewerbungen<\/span> weiterlesen<\/a><\/p>\n","protected":false},"author":1,"featured_media":0,"parent":0,"menu_order":4,"comment_status":"closed","ping_status":"closed","template":"","meta":{"footnotes":""},"class_list":["post-53","page","type-page","status-publish","hentry"],"_links":{"self":[{"href":"http:\/\/studienstiftung-iusvivum.de\/index.php?rest_route=\/wp\/v2\/pages\/53","targetHints":{"allow":["GET"]}}],"collection":[{"href":"http:\/\/studienstiftung-iusvivum.de\/index.php?rest_route=\/wp\/v2\/pages"}],"about":[{"href":"http:\/\/studienstiftung-iusvivum.de\/index.php?rest_route=\/wp\/v2\/types\/page"}],"author":[{"embeddable":true,"href":"http:\/\/studienstiftung-iusvivum.de\/index.php?rest_route=\/wp\/v2\/users\/1"}],"replies":[{"embeddable":true,"href":"http:\/\/studienstiftung-iusvivum.de\/index.php?rest_route=%2Fwp%2Fv2%2Fcomments&post=53"}],"version-history":[{"count":10,"href":"http:\/\/studienstiftung-iusvivum.de\/index.php?rest_route=\/wp\/v2\/pages\/53\/revisions"}],"predecessor-version":[{"id":249,"href":"http:\/\/studienstiftung-iusvivum.de\/index.php?rest_route=\/wp\/v2\/pages\/53\/revisions\/249"}],"wp:attachment":[{"href":"http:\/\/studienstiftung-iusvivum.de\/index.php?rest_route=%2Fwp%2Fv2%2Fmedia&parent=53"}],"curies":[{"name":"wp","href":"https:\/\/api.w.org\/{rel}","templated":true}]}}